{"id":332,"date":"2026-02-28T23:02:29","date_gmt":"2026-02-28T23:02:29","guid":{"rendered":"https:\/\/disoartist.com\/?page_id=332"},"modified":"2026-03-04T18:14:31","modified_gmt":"2026-03-04T18:14:31","slug":"oeuvres-personnelles","status":"publish","type":"page","link":"https:\/\/disoartist.com\/en\/oeuvres-personnelles\/","title":{"rendered":"OEUVRES PERSONNELLES"},"content":{"rendered":"<div class=\"wp-block-uagb-advanced-heading uagb-block-d9ae5bfa\"><h2 class=\"uagb-heading-text\"><strong>S\u00c9RIE : HORIZONS URBAINS<\/strong><\/h2><\/div>\n\n\n\n<p>Le parcours d&rsquo;un regard dans la ville<\/p>\n\n\n\n<p> HUILES SUR TOILE<\/p>\n\n\n\n<div class=\"wp-block-uagb-image uagb-block-3f772022 wp-block-uagb-image--layout-default wp-block-uagb-image--effect-static wp-block-uagb-image--align-none\"><figure class=\"wp-block-uagb-image__figure\"><img decoding=\"async\" srcset=\"https:\/\/disoartist.com\/wp-content\/uploads\/2026\/03\/IMG_1701-1-1024x675.jpeg ,https:\/\/disoartist.com\/wp-content\/uploads\/2026\/03\/IMG_1701-1-scaled.jpeg 780w, https:\/\/disoartist.com\/wp-content\/uploads\/2026\/03\/IMG_1701-1-scaled.jpeg 360w\" sizes=\"auto, (max-width: 480px) 150px\" src=\"https:\/\/disoartist.com\/wp-content\/uploads\/2026\/03\/IMG_1701-1-1024x675.jpeg\" alt=\"\" class=\"uag-image-388\" width=\"3791\" height=\"2499\" title=\"IMG_1701\" loading=\"lazy\" role=\"img\"\/><\/figure><\/div>\n\n\n\n<details class=\"wp-block-details is-layout-flow wp-block-details-is-layout-flow\"><summary>clic for details <\/summary>\n<p>La ville semble \u00e0 la fois proche et inaccessible. Une autoroute vide s\u2019\u00e9tire vers une skyline presque irr\u00e9elle.<\/p>\n\n\n\n<p>Le ciel est lourd, travers\u00e9 de lumi\u00e8re.<\/p>\n\n\n\n<p>Cette \u0153uvre explore la tension entre expansion urbaine et solitude int\u00e9rieure.<\/p>\n\n\n\n<p>La route devient m\u00e9taphore : avancer, construire, traverser le doute.<\/p>\n\n\n\n<p>Les contrastes entre le ciel dramatique et la rigueur architecturale renforcent cette sensation d\u2019attente suspendue.<\/p>\n\n\n\n<p>Un instant avant la temp\u00eate.<\/p>\n\n\n\n<p>Ou juste apr\u00e8s.<\/p>\n\n\n\n<div class=\"wp-block-uagb-image uagb-block-98245159 wp-block-uagb-image--layout-default wp-block-uagb-image--effect-static wp-block-uagb-image--align-none\"><figure class=\"wp-block-uagb-image__figure\"><img decoding=\"async\" srcset=\"https:\/\/disoartist.com\/wp-content\/uploads\/2026\/03\/8A4FED57-BCBB-4E64-BA47-D47D9B3AD492-1-1024x683.png ,https:\/\/disoartist.com\/wp-content\/uploads\/2026\/03\/8A4FED57-BCBB-4E64-BA47-D47D9B3AD492-1.png 780w, https:\/\/disoartist.com\/wp-content\/uploads\/2026\/03\/8A4FED57-BCBB-4E64-BA47-D47D9B3AD492-1.png 360w\" sizes=\"auto, (max-width: 480px) 150px\" src=\"https:\/\/disoartist.com\/wp-content\/uploads\/2026\/03\/8A4FED57-BCBB-4E64-BA47-D47D9B3AD492-1-1024x683.png\" alt=\"\" class=\"uag-image-390\" width=\"1536\" height=\"1024\" title=\"8A4FED57-BCBB-4E64-BA47-D47D9B3AD492\" loading=\"lazy\" role=\"img\"\/><\/figure><\/div>\n<\/details>\n\n\n\n<div class=\"wp-block-uagb-advanced-heading uagb-block-b0880406\"><h2 class=\"uagb-heading-text\"><strong>Approche de la ville<\/strong><\/h2><\/div>\n\n\n\n<p>Huile sur toile 150 x100 cm &#8211; 80P<\/p>\n\n\n\n<p>2 900 \u20ac &#8211; disponible <br><\/p>\n\n\n\n<div class=\"wp-block-uagb-image uagb-block-bd6a78a0 wp-block-uagb-image--layout-default wp-block-uagb-image--effect-static wp-block-uagb-image--align-none\"><figure class=\"wp-block-uagb-image__figure\"><img decoding=\"async\" srcset=\"https:\/\/disoartist.com\/wp-content\/uploads\/2026\/03\/IMG_0866.jpeg ,https:\/\/disoartist.com\/wp-content\/uploads\/2026\/03\/IMG_0866.jpeg 780w, https:\/\/disoartist.com\/wp-content\/uploads\/2026\/03\/IMG_0866.jpeg 360w\" sizes=\"auto, (max-width: 480px) 150px\" src=\"https:\/\/disoartist.com\/wp-content\/uploads\/2026\/03\/IMG_0866.jpeg\" alt=\"\" class=\"uag-image-404\" width=\"830\" height=\"669\" title=\"IMG_0866\" loading=\"lazy\" role=\"img\"\/><\/figure><\/div>\n\n\n\n<details class=\"wp-block-details is-layout-flow wp-block-details-is-layout-flow\"><summary>clic for details<\/summary>\n<p>La vielle s&rsquo;\u00e9tend dans la nuit, verticale et dense.<\/p>\n\n\n\n<p>Une ligne de lumi\u00e8re rouge des phares de la SZR traverse l&rsquo;espace et entra\u00eene le regard au coeur de la skyline.<\/p>\n\n\n\n<p>Entre vitesse et silence, l&rsquo;architecture devient d\u00e9cor d&rsquo;un mouvement continu.<\/p>\n\n\n\n<p>La lumi\u00e8re artificielle dessine un flux urbain presque abstrait, o\u00f9 l&rsquo;\u00e9nergie de la ville contraste avec l&rsquo;immobilit\u00e9 des masses.<\/p>\n\n\n\n<p>Une tension entre verticalit\u00e9 et mouvement<\/p>\n<\/details>\n\n\n\n<div class=\"wp-block-uagb-advanced-heading uagb-block-625414d5\"><h2 class=\"uagb-heading-text\"><strong>Energie nocturne <\/strong><\/h2><\/div>\n\n\n\n<p>Huile sur toile 100 x 82 cm &#8211; 40F<\/p>\n\n\n\n<p>1900\u20ac &#8211; disponible<\/p>\n\n\n\n<div class=\"wp-block-uagb-image uagb-block-e873306a wp-block-uagb-image--layout-default wp-block-uagb-image--effect-static wp-block-uagb-image--align-none\"><figure class=\"wp-block-uagb-image__figure\"><img decoding=\"async\" srcset=\"https:\/\/disoartist.com\/wp-content\/uploads\/2026\/03\/IMG_8220.jpeg ,https:\/\/disoartist.com\/wp-content\/uploads\/2026\/03\/IMG_8220.jpeg 780w, https:\/\/disoartist.com\/wp-content\/uploads\/2026\/03\/IMG_8220.jpeg 360w\" sizes=\"auto, (max-width: 480px) 150px\" src=\"https:\/\/disoartist.com\/wp-content\/uploads\/2026\/03\/IMG_8220.jpeg\" alt=\"\" class=\"uag-image-406\" width=\"917\" height=\"172\" title=\"IMG_8220\" loading=\"lazy\" role=\"img\"\/><\/figure><\/div>\n\n\n\n<div class=\"wp-block-uagb-advanced-heading uagb-block-f9c59555\"><h2 class=\"uagb-heading-text\"><strong>Reflets<\/strong><\/h2><\/div>\n\n\n\n<p>Huile sur toile 100&#215;50 cm<\/p>\n\n\n\n<p>1400\u20ac &#8211; disponible<\/p>\n\n\n\n<div class=\"wp-block-uagb-image uagb-block-88dec227 wp-block-uagb-image--layout-default wp-block-uagb-image--effect-static wp-block-uagb-image--align-none\"><figure class=\"wp-block-uagb-image__figure\"><img decoding=\"async\" srcset=\"https:\/\/disoartist.com\/wp-content\/uploads\/2026\/03\/IMG_0867-493x1024.jpeg ,https:\/\/disoartist.com\/wp-content\/uploads\/2026\/03\/IMG_0867.jpeg 780w, https:\/\/disoartist.com\/wp-content\/uploads\/2026\/03\/IMG_0867.jpeg 360w\" sizes=\"auto, (max-width: 480px) 150px\" src=\"https:\/\/disoartist.com\/wp-content\/uploads\/2026\/03\/IMG_0867-493x1024.jpeg\" alt=\"\" class=\"uag-image-394\" width=\"986\" height=\"2048\" title=\"IMG_0867\" loading=\"lazy\" role=\"img\"\/><\/figure><\/div>\n\n\n\n<details class=\"wp-block-details is-layout-flow wp-block-details-is-layout-flow\"><summary>clic for details<\/summary>\n<p><\/p>\n\n\n\n<p><\/p>\n\n\n\n<div class=\"wp-block-uagb-image uagb-block-d410f409 wp-block-uagb-image--layout-default wp-block-uagb-image--effect-static wp-block-uagb-image--align-none\"><figure class=\"wp-block-uagb-image__figure\"><img decoding=\"async\" srcset=\"https:\/\/disoartist.com\/wp-content\/uploads\/2026\/03\/IMG_1713-1016x1024.jpeg ,https:\/\/disoartist.com\/wp-content\/uploads\/2026\/03\/IMG_1713.jpeg 780w, https:\/\/disoartist.com\/wp-content\/uploads\/2026\/03\/IMG_1713.jpeg 360w\" sizes=\"auto, (max-width: 480px) 150px\" src=\"https:\/\/disoartist.com\/wp-content\/uploads\/2026\/03\/IMG_1713-1016x1024.jpeg\" alt=\"\" class=\"uag-image-398\" width=\"2500\" height=\"2520\" title=\"IMG_1713\" loading=\"lazy\" role=\"img\"\/><\/figure><\/div>\n<\/details>\n\n\n\n<div class=\"wp-block-uagb-advanced-heading uagb-block-28150be5\"><h2 class=\"uagb-heading-text\"><strong>Verticalit\u00e9<\/strong> <\/h2><\/div>\n\n\n\n<p>Huile sur toile 100&#215;50 cm<\/p>\n\n\n\n<p>1400\u20ac &#8211; disponible<\/p>\n\n\n\n<div class=\"wp-block-uagb-image uagb-block-d1d8231d wp-block-uagb-image--layout-default wp-block-uagb-image--effect-static wp-block-uagb-image--align-none\"><figure class=\"wp-block-uagb-image__figure\"><img decoding=\"async\" srcset=\"https:\/\/disoartist.com\/wp-content\/uploads\/2026\/03\/IMG_0868-511x1024.jpeg ,https:\/\/disoartist.com\/wp-content\/uploads\/2026\/03\/IMG_0868.jpeg 780w, https:\/\/disoartist.com\/wp-content\/uploads\/2026\/03\/IMG_0868.jpeg 360w\" sizes=\"auto, (max-width: 480px) 150px\" src=\"https:\/\/disoartist.com\/wp-content\/uploads\/2026\/03\/IMG_0868-511x1024.jpeg\" alt=\"\" class=\"uag-image-395\" width=\"1021\" height=\"2048\" title=\"IMG_0868\" loading=\"lazy\" role=\"img\"\/><\/figure><\/div>\n\n\n\n<details class=\"wp-block-details is-layout-flow wp-block-details-is-layout-flow\"><summary>clic for details<\/summary>\n<p>La verticalit\u00e9 devient compacte.<\/p>\n\n\n\n<p>Les masses architecturales se rapprochent, presque oppressantes.<\/p>\n\n\n\n<p>La ville n\u2019est plus horizon, mais pr\u00e9sence.<\/p>\n\n\n\n<p>Une structure qui enferme autant qu\u2019elle prot\u00e8ge.<\/p>\n<\/details>\n\n\n\n<p><\/p>\n\n\n\n<div class=\"wp-block-uagb-advanced-heading uagb-block-c3139a62\"><h2 class=\"uagb-heading-text\"><strong>Cit\u00e9 int\u00e9rieure <\/strong><\/h2><\/div>\n\n\n\n<p>Huile sur toile 50&#215;100 cm<\/p>\n\n\n\n<p>1400\u20ac &#8211; disponible <\/p>\n\n\n\n<div class=\"wp-block-uagb-image uagb-block-1534f130 wp-block-uagb-image--layout-default wp-block-uagb-image--effect-static wp-block-uagb-image--align-none\"><figure class=\"wp-block-uagb-image__figure\"><img decoding=\"async\" srcset=\"https:\/\/disoartist.com\/wp-content\/uploads\/2026\/03\/IMG_0863-1.jpeg ,https:\/\/disoartist.com\/wp-content\/uploads\/2026\/03\/IMG_0863-1.jpeg 780w, https:\/\/disoartist.com\/wp-content\/uploads\/2026\/03\/IMG_0863-1.jpeg 360w\" sizes=\"auto, (max-width: 480px) 150px\" src=\"https:\/\/disoartist.com\/wp-content\/uploads\/2026\/03\/IMG_0863-1.jpeg\" alt=\"\" class=\"uag-image-430\" width=\"1017\" height=\"224\" title=\"IMG_0863\" loading=\"lazy\" role=\"img\"\/><\/figure><\/div>\n\n\n\n<div class=\"wp-block-uagb-advanced-heading uagb-block-5ecfa023\"><h2 class=\"uagb-heading-text\">Architecture en mutation I<\/h2><\/div>\n\n\n\n<p>Huile sur toile<\/p>\n\n\n\n<p>VENDUE<\/p>\n\n\n\n<div class=\"wp-block-uagb-image uagb-block-283253be wp-block-uagb-image--layout-default wp-block-uagb-image--effect-static wp-block-uagb-image--align-none\"><figure class=\"wp-block-uagb-image__figure\"><img decoding=\"async\" srcset=\"https:\/\/disoartist.com\/wp-content\/uploads\/2026\/03\/IMG_1691-1024x791.jpeg ,https:\/\/disoartist.com\/wp-content\/uploads\/2026\/03\/IMG_1691-scaled.jpeg 780w, https:\/\/disoartist.com\/wp-content\/uploads\/2026\/03\/IMG_1691-scaled.jpeg 360w\" sizes=\"auto, (max-width: 480px) 150px\" src=\"https:\/\/disoartist.com\/wp-content\/uploads\/2026\/03\/IMG_1691-1024x791.jpeg\" alt=\"\" class=\"uag-image-425\" width=\"2840\" height=\"2195\" title=\"IMG_1691\" loading=\"lazy\" role=\"img\"\/><\/figure><\/div>\n\n\n\n<details class=\"wp-block-details is-layout-flow wp-block-details-is-layout-flow\"><summary>clic for details<\/summary>\n<p><\/p>\n<\/details>\n\n\n\n<div class=\"wp-block-uagb-advanced-heading uagb-block-21b2ae29\"><h2 class=\"uagb-heading-text\">Architecture en mutation II<\/h2><\/div>\n\n\n\n<p><\/p>\n\n\n\n<div class=\"wp-block-uagb-image uagb-block-4307d2e4 wp-block-uagb-image--layout-default wp-block-uagb-image--effect-static wp-block-uagb-image--align-none\"><figure class=\"wp-block-uagb-image__figure\"><img decoding=\"async\" srcset=\"https:\/\/disoartist.com\/wp-content\/uploads\/2026\/03\/IMG_1697-1024x707.jpeg ,https:\/\/disoartist.com\/wp-content\/uploads\/2026\/03\/IMG_1697-scaled.jpeg 780w, https:\/\/disoartist.com\/wp-content\/uploads\/2026\/03\/IMG_1697-scaled.jpeg 360w\" sizes=\"auto, (max-width: 480px) 150px\" src=\"https:\/\/disoartist.com\/wp-content\/uploads\/2026\/03\/IMG_1697-1024x707.jpeg\" alt=\"\" class=\"uag-image-407\" width=\"3697\" height=\"2552\" title=\"IMG_1697\" loading=\"lazy\" role=\"img\"\/><\/figure><\/div>\n\n\n\n<details class=\"wp-block-details is-layout-flow wp-block-details-is-layout-flow\"><summary>clic for details<\/summary>\n<p><\/p>\n<\/details>\n\n\n\n<div class=\"wp-block-uagb-advanced-heading uagb-block-2ebd7080\"><h2 class=\"uagb-heading-text\"><strong>Multitude<\/strong><\/h2><\/div>\n\n\n\n<p>Huile sur toile 114&#215;162 cm &#8211; 100F<\/p>\n\n\n\n<p>3625\u20ac &#8211; disponible<\/p>\n\n\n\n<div class=\"wp-block-uagb-image uagb-block-9a07d7d2 wp-block-uagb-image--layout-default wp-block-uagb-image--effect-static wp-block-uagb-image--align-none\"><figure class=\"wp-block-uagb-image__figure\"><img decoding=\"async\" srcset=\"https:\/\/disoartist.com\/wp-content\/uploads\/2026\/03\/IMG_1700-1024x681.jpeg ,https:\/\/disoartist.com\/wp-content\/uploads\/2026\/03\/IMG_1700-scaled.jpeg 780w, https:\/\/disoartist.com\/wp-content\/uploads\/2026\/03\/IMG_1700-scaled.jpeg 360w\" sizes=\"auto, (max-width: 480px) 150px\" src=\"https:\/\/disoartist.com\/wp-content\/uploads\/2026\/03\/IMG_1700-1024x681.jpeg\" alt=\"\" class=\"uag-image-408\" width=\"3553\" height=\"2362\" title=\"IMG_1700\" loading=\"lazy\" role=\"img\"\/><\/figure><\/div>\n\n\n\n<p>clic for details <\/p>\n\n\n\n<div class=\"wp-block-uagb-advanced-heading uagb-block-ea430e61\"><h2 class=\"uagb-heading-text\">Your Attractive Heading<\/h2><\/div>\n\n\n\n<p>Huile sur toile 150&#215;100 cm &#8211; 80P<\/p>\n\n\n\n<p>2 900 \u20ac &#8211; disponible <\/p>\n\n\n\n<p><\/p>","protected":false},"excerpt":{"rendered":"<p>S\u00c9RIE : HORIZONS URBAINS Le parcours d&rsquo;un regard dans la ville HUILES SUR TOILE Approche de la ville Huile sur [&hellip;]<\/p>\n","protected":false},"author":1,"featured_media":0,"parent":0,"menu_order":0,"comment_status":"closed","ping_status":"closed","template":"","meta":{"_uag_custom_page_level_css":"","site-sidebar-layout":"default","site-content-layout":"","ast-site-content-layout":"default","site-content-style":"default","site-sidebar-style":"default","ast-global-header-display":"","ast-banner-title-visibility":"","ast-main-header-display":"","ast-hfb-above-header-display":"","ast-hfb-below-header-display":"","ast-hfb-mobile-header-display":"","site-post-title":"","ast-breadcrumbs-content":"","ast-featured-img":"","footer-sml-layout":"","ast-disable-related-posts":"","theme-transparent-header-meta":"","adv-header-id-meta":"","stick-header-meta":"","header-above-stick-meta":"","header-main-stick-meta":"","header-below-stick-meta":"","astra-migrate-meta-layouts":"default","ast-page-background-enabled":"default","ast-page-background-meta":{"desktop":{"background-color":"var(--ast-global-color-5)","background-image":"","background-repeat":"repeat","background-position":"center center","background-size":"auto","background-attachment":"scroll","background-type":"","background-media":"","overlay-type":"","overlay-color":"","overlay-opacity":"","overlay-gradient":""},"tablet":{"background-color":"","background-image":"","background-repeat":"repeat","background-position":"center center","background-size":"auto","background-attachment":"scroll","background-type":"","background-media":"","overlay-type":"","overlay-color":"","overlay-opacity":"","overlay-gradient":""},"mobile":{"background-color":"","background-image":"","background-repeat":"repeat","background-position":"center center","background-size":"auto","background-attachment":"scroll","background-type":"","background-media":"","overlay-type":"","overlay-color":"","overlay-opacity":"","overlay-gradient":""}},"ast-content-background-meta":{"desktop":{"background-color":"var(--ast-global-color-4)","background-image":"","background-repeat":"repeat","background-position":"center center","background-size":"auto","background-attachment":"scroll","background-type":"","background-media":"","overlay-type":"","overlay-color":"","overlay-opacity":"","overlay-gradient":""},"tablet":{"background-color":"var(--ast-global-color-4)","background-image":"","background-repeat":"repeat","background-position":"center center","background-size":"auto","background-attachment":"scroll","background-type":"","background-media":"","overlay-type":"","overlay-color":"","overlay-opacity":"","overlay-gradient":""},"mobile":{"background-color":"var(--ast-global-color-4)","background-image":"","background-repeat":"repeat","background-position":"center center","background-size":"auto","background-attachment":"scroll","background-type":"","background-media":"","overlay-type":"","overlay-color":"","overlay-opacity":"","overlay-gradient":""}},"footnotes":""},"class_list":["post-332","page","type-page","status-publish","hentry"],"uagb_featured_image_src":{"full":false,"thumbnail":false,"medium":false,"medium_large":false,"large":false,"1536x1536":false,"2048x2048":false,"trp-custom-language-flag":false},"uagb_author_info":{"display_name":"dianesouffrice","author_link":"https:\/\/disoartist.com\/en\/author\/dianesouffrice\/"},"uagb_comment_info":0,"uagb_excerpt":"S\u00c9RIE : HORIZONS URBAINS Le parcours d&rsquo;un regard dans la ville HUILES SUR TOILE Approche de la ville Huile sur [&hellip;]","_links":{"self":[{"href":"https:\/\/disoartist.com\/en\/wp-json\/wp\/v2\/pages\/332","targetHints":{"allow":["GET"]}}],"collection":[{"href":"https:\/\/disoartist.com\/en\/wp-json\/wp\/v2\/pages"}],"about":[{"href":"https:\/\/disoartist.com\/en\/wp-json\/wp\/v2\/types\/page"}],"author":[{"embeddable":true,"href":"https:\/\/disoartist.com\/en\/wp-json\/wp\/v2\/users\/1"}],"replies":[{"embeddable":true,"href":"https:\/\/disoartist.com\/en\/wp-json\/wp\/v2\/comments?post=332"}],"version-history":[{"count":24,"href":"https:\/\/disoartist.com\/en\/wp-json\/wp\/v2\/pages\/332\/revisions"}],"predecessor-version":[{"id":441,"href":"https:\/\/disoartist.com\/en\/wp-json\/wp\/v2\/pages\/332\/revisions\/441"}],"wp:attachment":[{"href":"https:\/\/disoartist.com\/en\/wp-json\/wp\/v2\/media?parent=332"}],"curies":[{"name":"wp","href":"https:\/\/api.w.org\/{rel}","templated":true}]}}