{"id":334,"date":"2026-02-28T23:04:51","date_gmt":"2026-02-28T23:04:51","guid":{"rendered":"https:\/\/disoartist.com\/?page_id=334"},"modified":"2026-03-08T17:35:40","modified_gmt":"2026-03-08T17:35:40","slug":"a-propos","status":"publish","type":"page","link":"https:\/\/disoartist.com\/en\/a-propos\/","title":{"rendered":"A PROPOS"},"content":{"rendered":"<div class=\"wp-block-uagb-advanced-heading uagb-block-102fc190\"><h2 class=\"uagb-heading-text\"><strong>Studio de d\u00e9cors muraux sur mesure<\/strong><\/h2><\/div>\n\n\n\n<p><\/p>\n\n\n\n<p style=\"font-size:18px\">Je con\u00e7ois et r\u00e9alise des fresques murales sur mesure qui prolongent l&rsquo;architecture et donnent une identit\u00e9 forte aux h\u00f4tels, restaurants et r\u00e9sidences priv\u00e9es.<\/p>\n\n\n\n<p><\/p>\n\n\n\n<p><\/p>\n\n\n\n<div class=\"wp-block-uagb-image uagb-block-f5b72124 wp-block-uagb-image--layout-default wp-block-uagb-image--effect-static wp-block-uagb-image--align-none\"><figure class=\"wp-block-uagb-image__figure\"><img decoding=\"async\" srcset=\"https:\/\/disoartist.com\/wp-content\/uploads\/2026\/02\/dianeidpro.jpeg ,https:\/\/disoartist.com\/wp-content\/uploads\/2026\/02\/dianeidpro.jpeg 780w, https:\/\/disoartist.com\/wp-content\/uploads\/2026\/02\/dianeidpro.jpeg 360w\" sizes=\"auto, (max-width: 480px) 150px\" src=\"https:\/\/disoartist.com\/wp-content\/uploads\/2026\/02\/dianeidpro.jpeg\" alt=\"\" class=\"uag-image-338\" width=\"432\" height=\"432\" title=\"dianeidpro\" loading=\"lazy\" role=\"img\"\/><\/figure><\/div>\n\n\n\n<p class=\"has-text-align-center\">IPEDEC 2002<\/p>\n\n\n\n<p><\/p>\n\n\n\n<p class=\"has-small-font-size\">Dipl\u00f4m\u00e9e de l&rsquo;IPEDEC &#8211; Institut de Peinture D\u00e9corative (2002), premi\u00e8re \u00e9cole de d\u00e9cor peint europ\u00e9enne , je me suis sp\u00e9cialis\u00e9e en fresque murale.<\/p>\n\n\n\n<div class=\"wp-block-uagb-advanced-heading uagb-block-d8f3da21\"><h2 class=\"uagb-heading-text\"><strong>Expertise<\/strong><\/h2><\/div>\n\n\n\n<p><\/p>\n\n\n\n<p>Je con\u00e7ois des d\u00e9cors muraux enti\u00e8rement sur mesure, pens\u00e9s pour dialoguer avec l&rsquo;architecture et les volumes existants.<\/p>\n\n\n\n<p>Chaque fresque est r\u00e9alis\u00e9e \u00e0 main lev\u00e9e, adapt\u00e9e aux contraintes techniques du lieu et aux attentes esth\u00e9tiques du commanditaire :<\/p>\n\n\n\n<ul class=\"wp-block-list\">\n<li>Fresques murales immersives<\/li>\n\n\n\n<li>Trompe l&rsquo;oeil architectural<\/li>\n\n\n\n<li>D\u00e9cors panoramiques<\/li>\n\n\n\n<li>Cr\u00e9ations sur mesure pour h\u00f4tels et r\u00e9sidences priv\u00e9es<\/li>\n<\/ul>\n\n\n\n<div class=\"wp-block-uagb-advanced-heading uagb-block-ba793cca\"><h2 class=\"uagb-heading-text\"><strong>M\u00e9thode<\/strong><\/h2><\/div>\n\n\n\n<p><\/p>\n\n\n\n<ol class=\"wp-block-list\">\n<li>\u00c9change et analyse du lieu<br>Compr\u00e9hension de l\u2019espace, de la lumi\u00e8re, des volumes et de l\u2019intention du projet.<\/li>\n\n\n\n<li>Proposition artistique personnalis\u00e9e<br>\u00c9laboration d\u2019une direction visuelle adapt\u00e9e \u00e0 l\u2019architecture et \u00e0 l\u2019identit\u00e9 du lieu.<\/li>\n\n\n\n<li>Validation et ajustements<br>Affinage des proportions, des couleurs et des perspectives.<\/li>\n\n\n\n<li>R\u00e9alisation sur site<br>Ex\u00e9cution \u00e0 main lev\u00e9e, dans le respect des d\u00e9lais et des contraintes techniques.<\/li>\n\n\n\n<li>Finitions et protection<br>Application des protections adapt\u00e9es \u00e0 l\u2019usage du lieu.<\/li>\n<\/ol>\n\n\n\n<div class=\"wp-block-uagb-advanced-heading uagb-block-5fa553dd\"><h2 class=\"uagb-heading-text\"><strong>Approche<\/strong><\/h2><\/div>\n\n\n\n<p><\/p>\n\n\n\n<p>Chaque projet est unique.<\/p>\n\n\n\n<p>Je privil\u00e9gie une approche sur mesure, attentive aux proportions, aux mati\u00e8res et \u00e0 la lumi\u00e8re, afin que le d\u00e9cor s\u2019int\u00e8gre naturellement \u00e0 son environnement et traverse le temps avec justesse.<\/p>\n\n\n\n<p>Un projet en r\u00e9flexion ? <\/p>\n\n\n\n<p>Je vous accompagne dans l&rsquo;\u00e9tude et la conception de votre d\u00e9cor mural.<\/p>\n\n\n\n<div class=\"wp-block-uagb-buttons uagb-buttons__outer-wrap uagb-btn__default-btn uagb-btn-tablet__default-btn uagb-btn-mobile__default-btn uagb-block-f58d0d7d\"><div class=\"uagb-buttons__wrap uagb-buttons-layout-wrap\">\n<div class=\"wp-block-uagb-buttons-child uagb-buttons__outer-wrap uagb-block-8f409ae2 wp-block-button\"><div class=\"uagb-button__wrapper\"><a class=\"uagb-buttons-repeater wp-block-button__link\" aria-label=\"\" href=\"https:\/\/disoartist.com\/en\/contact\/\" rel=\"follow noopener\" target=\"_self\" role=\"button\"><div class=\"uagb-button__link\">Demander une \u00e9tude personnalis\u00e9e<\/div><\/a><\/div><\/div>\n<\/div><\/div>\n\n\n\n<p><\/p>","protected":false},"excerpt":{"rendered":"<p>Studio de d\u00e9cors muraux sur mesure Je con\u00e7ois et r\u00e9alise des fresques murales sur mesure qui prolongent l&rsquo;architecture et donnent [&hellip;]<\/p>\n","protected":false},"author":1,"featured_media":0,"parent":0,"menu_order":0,"comment_status":"closed","ping_status":"closed","template":"","meta":{"_uag_custom_page_level_css":"","site-sidebar-layout":"default","site-content-layout":"","ast-site-content-layout":"default","site-content-style":"default","site-sidebar-style":"default","ast-global-header-display":"","ast-banner-title-visibility":"","ast-main-header-display":"","ast-hfb-above-header-display":"","ast-hfb-below-header-display":"","ast-hfb-mobile-header-display":"","site-post-title":"","ast-breadcrumbs-content":"","ast-featured-img":"","footer-sml-layout":"","ast-disable-related-posts":"","theme-transparent-header-meta":"","adv-header-id-meta":"","stick-header-meta":"","header-above-stick-meta":"","header-main-stick-meta":"","header-below-stick-meta":"","astra-migrate-meta-layouts":"default","ast-page-background-enabled":"default","ast-page-background-meta":{"desktop":{"background-color":"var(--ast-global-color-5)","background-image":"","background-repeat":"repeat","background-position":"center center","background-size":"auto","background-attachment":"scroll","background-type":"","background-media":"","overlay-type":"","overlay-color":"","overlay-opacity":"","overlay-gradient":""},"tablet":{"background-color":"","background-image":"","background-repeat":"repeat","background-position":"center center","background-size":"auto","background-attachment":"scroll","background-type":"","background-media":"","overlay-type":"","overlay-color":"","overlay-opacity":"","overlay-gradient":""},"mobile":{"background-color":"","background-image":"","background-repeat":"repeat","background-position":"center center","background-size":"auto","background-attachment":"scroll","background-type":"","background-media":"","overlay-type":"","overlay-color":"","overlay-opacity":"","overlay-gradient":""}},"ast-content-background-meta":{"desktop":{"background-color":"var(--ast-global-color-4)","background-image":"","background-repeat":"repeat","background-position":"center center","background-size":"auto","background-attachment":"scroll","background-type":"","background-media":"","overlay-type":"","overlay-color":"","overlay-opacity":"","overlay-gradient":""},"tablet":{"background-color":"var(--ast-global-color-4)","background-image":"","background-repeat":"repeat","background-position":"center center","background-size":"auto","background-attachment":"scroll","background-type":"","background-media":"","overlay-type":"","overlay-color":"","overlay-opacity":"","overlay-gradient":""},"mobile":{"background-color":"var(--ast-global-color-4)","background-image":"","background-repeat":"repeat","background-position":"center center","background-size":"auto","background-attachment":"scroll","background-type":"","background-media":"","overlay-type":"","overlay-color":"","overlay-opacity":"","overlay-gradient":""}},"footnotes":""},"class_list":["post-334","page","type-page","status-publish","hentry"],"uagb_featured_image_src":{"full":false,"thumbnail":false,"medium":false,"medium_large":false,"large":false,"1536x1536":false,"2048x2048":false,"trp-custom-language-flag":false},"uagb_author_info":{"display_name":"dianesouffrice","author_link":"https:\/\/disoartist.com\/en\/author\/dianesouffrice\/"},"uagb_comment_info":0,"uagb_excerpt":"Studio de d\u00e9cors muraux sur mesure Je con\u00e7ois et r\u00e9alise des fresques murales sur mesure qui prolongent l&rsquo;architecture et donnent [&hellip;]","_links":{"self":[{"href":"https:\/\/disoartist.com\/en\/wp-json\/wp\/v2\/pages\/334","targetHints":{"allow":["GET"]}}],"collection":[{"href":"https:\/\/disoartist.com\/en\/wp-json\/wp\/v2\/pages"}],"about":[{"href":"https:\/\/disoartist.com\/en\/wp-json\/wp\/v2\/types\/page"}],"author":[{"embeddable":true,"href":"https:\/\/disoartist.com\/en\/wp-json\/wp\/v2\/users\/1"}],"replies":[{"embeddable":true,"href":"https:\/\/disoartist.com\/en\/wp-json\/wp\/v2\/comments?post=334"}],"version-history":[{"count":13,"href":"https:\/\/disoartist.com\/en\/wp-json\/wp\/v2\/pages\/334\/revisions"}],"predecessor-version":[{"id":515,"href":"https:\/\/disoartist.com\/en\/wp-json\/wp\/v2\/pages\/334\/revisions\/515"}],"wp:attachment":[{"href":"https:\/\/disoartist.com\/en\/wp-json\/wp\/v2\/media?parent=334"}],"curies":[{"name":"wp","href":"https:\/\/api.w.org\/{rel}","templated":true}]}}